{"id":49,"date":"2018-02-13T14:33:17","date_gmt":"2018-02-13T14:33:17","guid":{"rendered":"http:\/\/www.aricode.uk\/?page_id=49"},"modified":"2024-09-09T09:21:24","modified_gmt":"2024-09-09T08:21:24","slug":"about","status":"publish","type":"page","link":"https:\/\/www.aricode.uk\/?page_id=49","title":{"rendered":"Distributors"},"content":{"rendered":"\n<p>Aricode is actively seeking distributors for its innovative new product range including the A-2120 continuous inkjet printer and its A-6000 Series of laser coders. &nbsp;To become a distributor for this exciting and game changing range of new products please contact our sales team at <a href=\"mailto:sales@aricode.uk\">sales@aricode.uk<\/a>.<\/p>\n\n\n\n<p>Aricode&#8217;s current range of distributors includes:<\/p>\n\n\n\n<p>\u00a0<\/p>\n\n\n\n<p>Turkey<\/p>\n\n\n\n<figure class=\"wp-block-image size-full\"><img loading=\"lazy\" decoding=\"async\" width=\"749\" height=\"488\" src=\"http:\/\/www.aricode.uk\/wp-content\/uploads\/2024\/08\/QC-logo.png\" alt=\"\" class=\"wp-image-296\" srcset=\"https:\/\/www.aricode.uk\/wp-content\/uploads\/2024\/08\/QC-logo.png 749w, https:\/\/www.aricode.uk\/wp-content\/uploads\/2024\/08\/QC-logo-300x195.png 300w\" sizes=\"auto, (max-width: 749px) 100vw, 749px\" \/><\/figure>\n\n\n\n<p>Qc Dijital Bask\u0131 Teknolojileri A.\u015e.<br>Mimarsinan Mah. \u00d6zden Sok. No: 12\/1 B\u00fcy\u00fck\u00e7ekmece \u2013 Istanbul&nbsp;TURKEY 34535<br>Tel +(90) 850 3021041<\/p>\n\n\n\n<p>website: <a href=\"http:\/\/www.qc.com.tr\">http:\/\/www.qc.com.tr<\/a><br>e-mail: <a href=\"mailto:fatih@qc.com.tr\">fatih@qc.com.tr<\/a><\/p>\n\n\n\n<p><\/p>\n","protected":false},"excerpt":{"rendered":"<p>Aricode is actively seeking distributors for its innovative new product range including the A-2120 continuous inkjet printer and its A-6000 Series of laser coders. &nbsp;To &hellip; <\/p>\n","protected":false},"author":1,"featured_media":0,"parent":0,"menu_order":0,"comment_status":"closed","ping_status":"closed","template":"","meta":{"footnotes":""},"class_list":["post-49","page","type-page","status-publish","hentry"],"_links":{"self":[{"href":"https:\/\/www.aricode.uk\/index.php?rest_route=\/wp\/v2\/pages\/49","targetHints":{"allow":["GET"]}}],"collection":[{"href":"https:\/\/www.aricode.uk\/index.php?rest_route=\/wp\/v2\/pages"}],"about":[{"href":"https:\/\/www.aricode.uk\/index.php?rest_route=\/wp\/v2\/types\/page"}],"author":[{"embeddable":true,"href":"https:\/\/www.aricode.uk\/index.php?rest_route=\/wp\/v2\/users\/1"}],"replies":[{"embeddable":true,"href":"https:\/\/www.aricode.uk\/index.php?rest_route=%2Fwp%2Fv2%2Fcomments&post=49"}],"version-history":[{"count":21,"href":"https:\/\/www.aricode.uk\/index.php?rest_route=\/wp\/v2\/pages\/49\/revisions"}],"predecessor-version":[{"id":312,"href":"https:\/\/www.aricode.uk\/index.php?rest_route=\/wp\/v2\/pages\/49\/revisions\/312"}],"wp:attachment":[{"href":"https:\/\/www.aricode.uk\/index.php?rest_route=%2Fwp%2Fv2%2Fmedia&parent=49"}],"curies":[{"name":"wp","href":"https:\/\/api.w.org\/{rel}","templated":true}]}}